{"id":32,"date":"2013-07-13T19:41:13","date_gmt":"2013-07-13T19:41:13","guid":{"rendered":"http:\/\/mzsungur.wordpress.com\/?page_id=30"},"modified":"2013-07-13T19:41:13","modified_gmt":"2013-07-13T19:41:13","slug":"yayinlari","status":"publish","type":"page","link":"http:\/\/mehmetsungur.com.tr\/en\/yayinlari\/","title":{"rendered":"Publications"},"content":{"rendered":"<p>PUBLICATIONS:<\/p>\n<p>Sungur MZ, Gunduz A. (2013) A comparison of DSM-IV-TR and DSM5 definitions for Sexual Dysfunctions: Critiques and challenges. Journal of Sexual Medicine, 2013 DOI: 10.1111\/jsm.12379<br \/>\nKonkan R, Ayd\u0131n E, G\u00fc\u00e7l\u00fc O, \u015eenormanc\u0131 \u00d6, Sungur MZ. (2013) Obsessive Beliefs in Panic Disorder Patients. Archives of Neuropsychiatry 50:141-146<br \/>\nY\u0131lmaz AE, Sungur MZ, (2013) Psychometric properties of the Positive and Negative Beliefs about Rumination Scale in a non-clinical Turkish sample, Submitted for publication.<br \/>\nSungur M. (2013) A\u015fk, Marriage, Infidelity, Love, Marriage and Infidelity. International Group Psychotherapies and Psychodrama E-Journal, 2013; 23-25.<br \/>\nMarks IM, Tortella M, Fernandez L, Fulkan M, Sungur M, (Draft), Classifying What Psychotherapists do: A first step, (in press)<br \/>\n\u015eenormanc\u0131 \u00d6, Konkan R, G\u00fc\u00e7l\u00fc O, \u015eenormanc\u0131 G, Sungur MZ. The relationship between ruminative response style and dysfunctional attitudes with major depression. D\u00fc\u015f\u00fcnen Adam: Journal of Psychiatry and Neurological Sciences DOI: 10.5350\/DAJPN2013260302<br \/>\nRamazan Konkan, Gizem Hanzade Erku\u015f, Oya G\u00fc\u00e7l\u00fc, \u00d6mer \u015eenormanc\u0131, Erkan Ayd\u0131n, Mine Cansu \u00dclgen, Mehmet Z. Sungur (2012) Are hopelessness, demographic and clinical characteristics of suicidal attempts being a cue of a new attempt? NP Akademi; 1(2):1-11<br \/>\n\u00d6mer \u015eenormanc\u0131, Ramazan Konkan, Oya G\u00f6n\u00fcll\u00fc G\u00fc\u00e7l\u00fc, Mehmet Zihni Sungur (2012) Metacognitive Model of Obsessive Compulsive Disorder, Current Approaches in Psychiatry; 4(3):335-349 doi:10.5455\/cap.20120420<br \/>\nKonkan R, Bayrak M, G\u00fc\u00e7l\u00fc O, \u015eenormanc\u0131 \u00d6, Sungur MZ. Sexual function and satisfaction in women with vaginismus. D\u00fc\u015f\u00fcnen Adam: Journal of Psychiatry and Neurological Sciences 2012; 25(4):305-311.<br \/>\nKonkan R, \u015eenormanc\u0131 \u00d6, G\u00fc\u00e7l\u00fc O, Ayd\u0131n E, Sungur MZ. Obsessive-compulsive disorder and obsessive beliefs. Anadolu Psychiatry Journal 2012; 13(2):91-96<br \/>\n\u015eenormanc\u0131 \u00d6, Konkan R, Sungur MZ. (2011), Internet Addiction and Its Cognitive Behavioral Therapy. IRD Oliveira (Ed.), Cognitive Behavioral Therapy ISBN 979-953-307-648-4 InTech, Janeza Trdine 9, 51000 Rijeka, Croatia<br \/>\nSungur MZ, (2011), Techniques for increasing treatment cooperation (LEAP) in schizophrenia and cognitive behavioral approaches in treatment, Journal of Treatment Cooperation Expert Opinions, Issue 1: 26-32, Sigma Publishing<br \/>\nKonkan R, \u015eenormanc\u0131 \u00d6, Sungur MZ. Trichotillomania: Diagnosis, pharmacotherapy and cognitive behavioral therapy, Clinical Psychopharmacology Bulletin 2011; 21(3):265-274.<br \/>\nKonkan R, \u015eenormanc\u0131 \u00d6, G\u00fc\u00e7l\u00fc O, Ayd\u0131n E, Sungur MZ. Turkish adaptation, validity and reliability of the Generalized Anxiety Disorder-7 (GAD-7) test. Journal of Neuropsychiatry Archives DOI: 10.4274\/npa.y6308.<br \/>\nSungur, M.; Soyg\u00fcr, H; Guner, P; \u00dcst\u00fcn, B; Cetin, \u0130; Falloon, IR. (2011), Identifying an optimal treatment for schizophrenia: A 2-year randomized controlled trial comparing integrated care to a high-quality routine treatment, International Journal of Psychiatry in Clinical Practice, Volume 15, Number 2, pp. 118-127(10) (doi: 10.3109\/13651501.2011.554987)<br \/>\nMarks IM, Sibilia L, Borgo S, Sungur M, (2011), Common Language for psychotherapy procedures Project: An update, Psychomed (ISSN:1828-1516), N.3, Year VI, Special Issue \u201cClinical Science\u201d, www.crpitalio.eu\/psychomedeng.html<br \/>\n\u015eenormanc\u0131 \u00d6, Konkan R, Sungur MZ. Internet addiction and cognitive behavioral therapy. Anadolu Psychiatry Journal 2010; 11(3):261-268.<br \/>\nKonkan R, Ayd\u0131n E, G\u00fc\u00e7l\u00fc O, \u015eenormanc\u0131 \u00d6, Sungur MZ. Obsessive Beliefs in Patients with Panic Disorder. Journal of Neuropsychiatry Archives DOI: 10.4274\/npa.y6309<br \/>\nKonkan R, Erku\u015f GH, G\u00fc\u00e7l\u00fc O, \u015eenormanc\u0131 \u00d6, Ayd\u0131n E, \u00dclgen MC, Sungur MZ. Coping Attitudes in Individuals Who Have Attempted Suicide. Journal of Neuropsychiatry Archives DOI: 10.4274\/npa.y6578<br \/>\nDo\u011fan T, \u00c7etin B, Sungur MZ (2009) Validity and Reliability Study of the Turkish Form of the Loneliness in Working Life Scale, Anatolian Journal of Psychiatry. 10: 271-277.<br \/>\nWurz A, Sungur MZ (2009) Combining Cognitive Behavioral Therapy and Pharmacotherapy in the Treatment of Anxiety Disorders: True Gains or False Hopes? Bulletin of Clinical Psychopharmacology. 19:436-446<br \/>\nWurz A, Sungur MZ (2009) Does pharmacotherapy support or hinder psychotherapy? Questions, Problems, Mastery and Expertise. Bulletin of Clinical Psychopharmacology. 19 (suppl.1): 97-101.<br \/>\nSungur MZ (2007) Cognitive behavioral therapies: Basic principles and characteristics, issues to consider in practice. Basic textbook of psychiatry (2nd edition). K\u00f6roglu E. Gule\u00e7 C. (Eds.) HYB Publishing, Ankara, 599-610.<br \/>\nSungur MZ (2007) The Importance of Interdisciplinary Cooperation in the Treatment of Sexual Dysfunction and the Role of the Sex Therapist. Surgical Medical Sciences Urology Sexual Dysfunctions Special Issue, 38(3):68-72.<br \/>\nSungur MZ, C\u00f6mert E. (2007) Understanding psychological responses that occur after trauma. Psikonet Publications, Istanbul.<br \/>\nSungur MZ (2006) Female Sexual Dysfunction, Sexual Education and Sex Therapies. In Beksa\u00e7 MS, Demir N., Tuncer ZS, Hassa H, T\u0131ra\u015f MB, Yaral\u0131 H et al. (Eds). Gynecology Reproductive Endocrinology and Infertility, Gynecological Oncology Volume 1, 756-770.<br \/>\nSungur MZ, C\u00f6mert EH (2006) Dialectical Behavioral Therapy. Ayd\u0131n H, Bozkurt A (Translation Eds). Translated by: Comprehensive Textbook of Psychiatry, Vol. 3, 2619-2628.<br \/>\nSungur MZ (2006) Cognitive-Behavioral Theories in Understanding Anxiety. In T\u00fckel R, Alk\u0131n T (Eds.) Anxiety Disorders. Turkish Psychiatric Association Publications. 27-38<br \/>\nSungur MZ (2006) Psychotherapy of Obsessive-Compulsive Disorder. In T\u00fckel R, Alk\u0131n T (Eds.) Anxiety Disorders. Turkish Psychiatric Association Publications. 363-382<br \/>\nSungur MZ (2006) The Role of Cognitive and Behavioral Models in Understanding and Treating Anxiety Disorders. Levent BA (Ed). Anxiety Disorders special issue Turkiye Klinikleri J Int Med Sci 2006, 2(12): 81-88<br \/>\nSungur MZ (2004) Cognitive Behavioral Systems Approach in Couple and Sex Therapy, Sexual and Relationship Therapy, Vol 19, Supp I, 119-120.<br \/>\nFalloon IRH, Montero I, Sungur M, Mastroeni A, Malm U et al (2004) Implementation of evidence-based treatment for schizophrenic disorders: two-year outcome of an international field trial of optimal treatment. World Psychiatry, 3 (2): 104-110.<br \/>\nSungur MZ (2004) Sexual Dysfunction in Men. Turkish Clinics, 5(1): 1-5.<br \/>\nSungur MZ (2004) Past, Present and Future of Sex Therapies, Turkish Clinics, 5(1): 52-58.<br \/>\nSungur MZ (2004) Difficulties Encountered During Sex Therapy Applications, Turkish Clinics, 5(1): 59-67.<br \/>\nSungur MZ (2004) Sexual Dysfunction and Interdisciplinary Relationships, 5(1): 70-72.<br \/>\nSungur MZ (2004) Cognitive-behavioral therapy of obsessive-compulsive disorder, T\u00fckel R (Ed). Anxiety Disorders Treatment Guidelines. Turkish Psychiatric Association Publications, 171-187.<br \/>\nSungur MZ (2004) The role of cognitive and behavioral models in understanding and treating anxiety disorders, T\u00fckel R (Ed). Anxiety Disorders Treatment Guidelines. Turkish Psychiatric Association Publications, 285-289.<br \/>\nSungur MZ (2003) Basic principles and characteristics of cognitive-behavioral therapies and the benefits of an integrated approach. 3P (Psychiatry, Psychology, Psychopharmacology) Journal, 11(Supplement 2): 31-38.<br \/>\nSungur MZ, Aker T (2003) Cognitive and behavioral therapies: From yesterday to tomorrow. Journal of Psychiatry Psychology Psychopharmacology (3P); 11(Supplement 2):3-4<br \/>\nSungur MZ (2003) Issues to consider during cognitive-behavioral therapy applications. 3P (Psychiatry, Psychology, Psychopharmacology) Journal, 11(Supplement 2): 39-46.<br \/>\nSungur MZ (2003) Cognitive-behavioral therapies in the context of ethical principles. 3P (Psychiatry, Psychology, Psychopharmacology) Journal, 11(Supplement 2): 79-82.<br \/>\nSungur MZ (2003) Sexual Dysfunction in Women, Sexual Education and Sex Therapies. In: Ayhan A, Beksa\u00e7 M, Demir N, Hassa H, K\u00f6sebay D, T\u0131ra\u015f MB, Tuncer ZS, Yaral\u0131 H, Y\u00fcce K (Editors). GYNECOLOGY: Reproductive Endocrinology &amp; Infertility and Gynecological Oncology, Ankara, Medical Network: 694-708.<br \/>\nSungur MZ, G\u00fcner P, \u00dcst\u00fcn B, \u00c7etin \u0130, Soyg\u00fcr H (2003) Optimal Treatment Project for Schizophrenia: Results from a randomized, controlled, longitudinal study. Seishin Shinkeigaku Zasshi (Psychiatria et Neurologica Japonica). 105(9): 1175-1180.<br \/>\nSayg\u0131n MZ, Sungur MZ, Sabol Ev, \u00c7etinkaya P(2002) Nefazodone versus Sertraline in Treatment of Post-traumatic Stress Disorder. Bulletin of Clinical Psychopharmacology. 12(1): 1-5.<br \/>\n45. Sungur MZ (2000) Cognitive Behavioral Approaches and Social Phobia. Journal of Clinical Psychiatry 3(Supplement 2): 27-32<br \/>\n46. Sungur MZ (2000) Schizophrenia: Myths and Realities. Journal of Clinical Psychiatry 3 (Supplement 1): 5-12<br \/>\n47. Sungur MZ (2000) Treatment of Sexual Side Effects Caused by Antidepressants. Avicenna 1(5): 34-35<br \/>\nSungur MZ (1999) Cultural Factors in Sex Therapy: The Turkish experience. Sexual and Marital Therapy, 14(2):165-171<br \/>\nSungur MZ (1999) Male Sexual Dysfunction. Psychiatry World 3(2):60-64<br \/>\nSungur MZ, Yaln\u0131z \u00d6 (1999) Cognitive-Behavioral Approaches in the Treatment of Schizophrenia. Journal of Clinical Psychiatry, 2(3):160-166<br \/>\nSungur MZ (1999) Body Dysmorphic Disorder. Psychiatry World, 3(1):19-22<br \/>\nSungur MZ (1999) Secondary Trauma and Social Support. Journal of Clinical Psychiatry, 2(2):105-108<br \/>\nSungur MZ, Yaln\u0131z \u00d6 (1999) Transsexuality: Related Concepts and Gender Regulation Attempts. Journal of Clinical Psychiatry, 2(1): 49-54<br \/>\nSungur MZ (1999) The Importance of Sexual Education and Cooperation from the Perspective of the Medical Profession. Psychiatry World, 2:37-38<br \/>\nSungur MZ (1999) Social Phobia. Anxiety Disorders Book, R. T\u00fckel (Ed), pp:59-79<br \/>\nSungur Mz (1999) Sexuality - Sexual Functions and Sexual Life. Introduction to Behavioral Sciences Textbook. YB Do\u011fan (Ed), Ankara, Ant\u0131p, pp:195-200<br \/>\nSungur MZ (1999) Determinants of Change and Behavior. In Introduction to Behavioral Sciences Textbook, YB Do\u011fan (Ed), Ankara, Ant\u0131p, pp:19-25<br \/>\nSungur MZ, Yaln\u0131z \u00d6 (1999) Cognitive-Behavioral Approaches in the Treatment of Schizophrenia. Journal of Clinical Psychiatry, 2(3):160-166<br \/>\n59. Sungur MZ, Kaya B (1999) The Onset and Longitudinal Course of a Man-mad Post-traumatic Morbidity: Survivors of Sivas Disaster. International Journal of Psychiatry in Clinical Practice, 5: 195-202.<\/p>\n<p>Sungur MZ, Taneli B. Yazgan Y., Tunca Z., Alptekin K., Karaaslan F. (1998) Sertraline for obsessive-compulsive disorder without depression: A multicenter, open-label study. European Neuropsychopharmacology, 8(2):263.<br \/>\nSungur MZ (1998) Cognitive-Behavioral Approaches. Basic Textbook of Psychiatry, Volume 2, C G\u00fcle\u00e7, E K\u00f6ro\u011flu (Eds), Physicians&#039; Publishing Association, pp:895-907<br \/>\nSungur MZ (1998) Sexual Dysfunction. Basic Textbook of Psychiatry, Volume 2, C G\u00fcle\u00e7, E K\u00f6ro\u011flu (Eds), Physicians&#039; Publishing Association, pp:617-637<br \/>\nSungur MZ (1998) Difficulties Encountered During The Assessment and Treatment Of Sexual Dysfunction-a Turkish Perspective. Sexual and Marital Therapy, 13(1):71-81<br \/>\nSungur MZ, Taneli B. Yazgan Y., Tunca Z., Alptekin K., Karaaslan F. (1998) Sertraline for obsessive-compulsive disorder without depression: A multicenter, open-label study. European Neuropsychopharmacology, 8(2):263.<br \/>\nSungur MZ (1998) Sexual Education. Journal of Clinical Psychiatry,1(2):103-108<br \/>\nSungur MZ (1998) Paraphilias in the Context of Sexual Dysfunction and Their Treatment with Cognitive Behavioral Approaches. 3P-Psychiatry, Psychology and Psychopharmacology Journal, 6(2):119-122<br \/>\nSungur MZ (1998) Sex Therapies and Ethics. Ege Psychiatry Continuous Publications, 3(1):219-228<br \/>\nDattilio FM, Sungur MZ, Yaln\u0131z \u00d6 (1998), Nonpharmacological Approaches in Panic Treatment in Emergency and Crisis Intervention Conditions. Turkish Journal of Psychiatry, 9(1): 48-57<br \/>\nDilsiz A, Sungur MZ (1998) Problems Encountered in the Treatment of Sexual Dysfunction. Ege Psychiatry Continuous Publications, 3(1):229-237<br \/>\nKaya B, Sungur MZ (1998), Post-Traumatic Stress Disorder in Children and Adolescents. Turkish Journal of Psychiatry, 9(2):118-127<br \/>\n\u00d6zg\u00fcven HD, Sungur MZ (1998) Social Phobia. Turkish Journal of Psychiatry, 9(2):128-138<br \/>\nSungur MZ. (1998) Sexual Dysfunction and Interdisciplinary Relationships. Sexual Dysfunction Monograph Series, 2: 12-14<br \/>\nSungur MZ.(1997) Reflections on the Paud Bulletin: On the Preferences of Educators and Trainees. Paud Bulletin. pp.4-5<br \/>\nSungur MZ(1997) Phobic Disorders. Psychiatry World, 1(1):5-11<br \/>\nKaya B, Sungur MZ (1997) Post-Traumatic Stress Disorder. Psychiatry World, 1(1):40-43<br \/>\nSungur MZ (1997) The Development History of Cognitive-Behavioral Therapies. Handbook of Psychotherapies, Book 4, A Tang\u00f6r (Ed), Ege Psychiatry Continuous Publications, pp:50-66<br \/>\nSungur MZ (1997) Sexual Dysfunctions and Infertility. Sexual and Marital Therapy, 12(2):181-182<br \/>\nSungur MZ (1996) A comparison of fluvoxamine and cognitive-behaviour therapy in treatment of obsessive-compulsive disorder European Neuropsychopharmacology, 6(1):25.<br \/>\nSungur MZ (1996) Behavioral Therapies. Textbook of Mental Health and Diseases, I Say\u0131l (Ed), Ankara, Ant\u0131p, pp:349-360<br \/>\nSungur MZ (1996) Psychoanalytic Theory. Textbook of Mental Health and Illnesses, I Say\u0131l (Ed), Ankara, Ant\u0131p, pp:341-347<br \/>\nSungur Mz (1996) Sexual Dysfunction. Textbook of Mental Health and Diseases, I Say\u0131l (Ed), Ankara, Ant\u0131p, pp:257-263<br \/>\nSungur MZ (1996) A comparison of fluvoxamine and cognitive-behaviour therapy in treatment of obsessive-compulsive disorder European Neuropsychopharmacology, 6(1):25.<br \/>\nDilsiz A, Sungur MZ (1996) Pharmacological Treatment of Social Phobia. 3P-Psychiatry, Psychology, Psychopharmacology Journal, 4(Supplement 1):42-48<br \/>\nSungur MZ (1996) Relapse Prevention Model in Alcohol Addiction Treatment. Ege Psychiatry Continuous Publications, 1(2):299-304.<br \/>\nSungur MZ. (1996). Behavioral Therapies in the Treatment of Anxiety Disorders. Anxiety Monographs Series. 10:431-440<br \/>\nSungur MZ., Dilsiz A. (1995) Social Phobia. . Anxiety Monographs Series, 5:205-215<br \/>\nSungur MZ, S\u00fcrmeli BA, \u00d6z\u00e7ubuko\u011flu A (1995) Common Features of PTSD Cases Amongst a Group of Military Personnel Referred from the South-East Region of Turkey. Journal of Cognitive Psychotherapy: An International Quarterly, 9(4): 279-284<br \/>\n\u00d6zden A, Sungur MZ (1995) Cognitive Therapy of Personality Disorders. Turkish Journal of Psychiatry, 6(4):269-276<br \/>\nT\u00fcrk\u00e7apar MH, Sungur MZ, Akdemir A (1995) Cognitive Therapies in Children and Adolescents. Journal of Child and Adolescent Mental Health, 2(2):93-100<br \/>\nSungur MZ, S\u00fcrmeli BA, \u00d6z\u00e7ubuk\u00e7uo\u011flu A (1995) A Study on Post-Traumatic Stress Disorder Seen in Military Population Serving in Southeastern Turkey. Neuropsychiatry Archives, 32(3):117-122<br \/>\nSungur MZ. (1994) Views of a Turkish Sultan on the Registration of Therapists and the Integration of therapies. The European Behavior and Cognitive Therapist, 11:4<br \/>\nSungur MZ (1994) Evaluation of Couples Referred to a Sexual Dysfunction Unit and Prognostic Factors in Sexual and Marital Therapy. Sexual and Marital Therapy, 9(3):251-256<br \/>\nSungur MZ (1994) Cognitive Therapies in Depression. 3P-Psychiatry, Psychology, Psychopharmacology Journal, 2(Supplement 4):24-31<br \/>\n94. Sungur MZ (1994) Difficulties Encountered During Sex Therapy Applications. 3P-Psychiatry,<br \/>\nJournal of Psychology, Psychopharmacology, 2(Supplement 3):37-44<br \/>\n95. Sungur MZ (1994) Depression and Anticipation in the Context of Cognitive View. 3P-Psychiatry, Psychology, Psychopharmacology Journal, 2(Supplement 4): 5-23<br \/>\n96. Sungur MZ (1994) Sexual Dysfunction in Women. 3P-Psychiatry, Psychology, Psychopharmacology Journal, 2(Supplement 3):7-13<br \/>\n97. Falloon IRH, Morosini P., Ivarsson B., Sungur MZ. et al. (1994) Long-term Outcome of Optimal Clinical Treatment of Schizophrenic Disorders: A Random Controlled Trial with Five-Year Follow-up (This longitudinal, multicenter, controlled study is still ongoing. This publication reflects only the protocol of the study).<br \/>\n98. Sungur MZ (1993) Behavioral Therapies. Psychiatry Bulletin, 2(3):109-115<br \/>\n99. Sungur MZ (1993) Past, Present and Future of Sex Therapies. Turkish Journal of Psychiatry, 4(3):195-201<br \/>\n100. Sungur MZ (1993). Cognitive Theory of Depression, Depression Monographs Series, 3: 123-134<br \/>\n101. Sungur MZ (1993). Cognitive Therapies in Depression, Depression Monographs Series, 10:447-458<br \/>\n102. Sungur MZ (1993). The Importance of Relapses in Shaping Alcohol Addiction Treatment and Relapse Prevention Techniques. Turkish Journal of Psychiatry 2(3): 171-178<br \/>\n103. Alkubaisy T, Marks IM, Logsdail S, Marks PM, Lovell K, Sungur MZ, Araya R (1992) Role of Exposure Homework in Phobia Reduction: A Controlled Study. Behavior Therapy, 23:599-621.<br \/>\n104. Sungur MZ (1987) Treatment of a Case with Contamination Obsession and Hand Washing Compulsion by In Vivo Exposure Method. Journal of Neurology-Neurosurgery-Psychiatry. January 1987: 87-89.<\/p>","protected":false},"excerpt":{"rendered":"<p>YAYINLAR: Sungur MZ, Gunduz A. (2013) A comparison of DSM-IV-TR and DSM5 definitions for Sexual Dysfunctions: Critiques and challenges. Journal of Sexual Medicine, 2013 DOI: 10.1111\/jsm.12379 Konkan R, Ayd\u0131n E, G\u00fc\u00e7l\u00fc O, \u015eenormanc\u0131 \u00d6, Sungur MZ. (2013) Panik Bozuklu\u011fun Hastalarda Obsesif \u0130nan\u00e7lar (Obsesive Believes in Panic Disorder Patients) N\u00f6ropsikiyatri Ar\u015fivi (Archives of Neuropsychiatry) 50:141-146 Y\u0131lmaz [&hellip;]<\/p>\n","protected":false},"author":2,"featured_media":0,"parent":0,"menu_order":2,"comment_status":"open","ping_status":"closed","template":"","meta":{"jetpack_post_was_ever_published":false,"footnotes":""},"class_list":["post-32","page","type-page","status-publish","hentry"],"jetpack_sharing_enabled":true,"jetpack_shortlink":"https:\/\/wp.me\/PavKUa-w","jetpack-related-posts":[],"_links":{"self":[{"href":"http:\/\/mehmetsungur.com.tr\/en\/wp-json\/wp\/v2\/pages\/32","targetHints":{"allow":["GET"]}}],"collection":[{"href":"http:\/\/mehmetsungur.com.tr\/en\/wp-json\/wp\/v2\/pages"}],"about":[{"href":"http:\/\/mehmetsungur.com.tr\/en\/wp-json\/wp\/v2\/types\/page"}],"author":[{"embeddable":true,"href":"http:\/\/mehmetsungur.com.tr\/en\/wp-json\/wp\/v2\/users\/2"}],"replies":[{"embeddable":true,"href":"http:\/\/mehmetsungur.com.tr\/en\/wp-json\/wp\/v2\/comments?post=32"}],"version-history":[{"count":0,"href":"http:\/\/mehmetsungur.com.tr\/en\/wp-json\/wp\/v2\/pages\/32\/revisions"}],"wp:attachment":[{"href":"http:\/\/mehmetsungur.com.tr\/en\/wp-json\/wp\/v2\/media?parent=32"}],"curies":[{"name":"wp","href":"https:\/\/api.w.org\/{rel}","templated":true}]}}