{"id":31,"date":"2013-07-13T19:40:43","date_gmt":"2013-07-13T19:40:43","guid":{"rendered":"http:\/\/mzsungur.wordpress.com\/?page_id=28"},"modified":"2013-07-13T19:40:43","modified_gmt":"2013-07-13T19:40:43","slug":"kitaplari","status":"publish","type":"page","link":"http:\/\/mehmetsungur.com.tr\/en\/kitaplari\/","title":{"rendered":"Books"},"content":{"rendered":"<p><strong>BOOK<\/strong><\/p>\n<p><strong><\/strong><br \/>\nSungur MZ, (2012) Marriage School Guidance Program, Be\u015fikta\u015f Municipality Publication<br \/>\nSungur MZ, Herbert C (2011) Understanding Trauma and Psychological Responses Following Earthquake Trauma, Rekmay Publishing, Istanbul<br \/>\nSungur MZ (2009) You, Me and Everything Between Us, GOA Publishing and Promotion Services, Istanbul<br \/>\nIndividual Cognitive and Behavioral Therapy Methods in Schizophrenia (Mehmet Sungur, Tamer Aker), PAREM Publications, 2001.<br \/>\nChanges in Adolescence: A Teacher&#039;s Handbook, 2000, Ministry of National Education, Department of Health Affairs. Prof. Dr. Ferhunde \u00d6ktem, Prof. Dr. Oktay Kaday\u0131f\u00e7\u0131, Prof. Dr. Ufuk Beyazova, Assoc. Prof. Dr. \u0130brahim C\u0131lga, Assoc. Prof. Dr. Mehmet Z. Sungur, Assoc. Prof. Dr. Hakan \u015eat\u0131ro\u011flu, Assoc. Prof. Dr. Figen \u00c7ok, Assoc. Prof. Dr. Vildan S\u00fcmb\u00fclo\u011flu, et al.<br \/>\nChange in Adolescence: Student Book, 2000, Ministry of National Education, Department of Health Affairs. Prof. Dr. Ferhunde \u00d6ktem, Prof. Dr. Oktay Kaday\u0131f\u00e7\u0131, Prof. Dr. Ufuk Beyazova, Assoc. Prof. Dr. \u0130brahim C\u0131lga, Assoc. Prof. Dr. Mehmet Z. Sungur, Assoc. Prof. Dr. Hakan \u015eat\u0131ro\u011flu, Assoc. Prof. Dr. Figen \u00c7ok, Assoc. Prof. Dr. Vildan S\u00fcmb\u00fclo\u011flu, et al.<br \/>\nERECTILE DYSFUNCTION TRAINING GUIDE Prepared by: Prof. Dr. Halim Hattat, Prof. Dr. Ali Ergen, Prof. Dr. Kadri Anafarta, Prof. Dr. Engin Eker, Prof. Dr. Temel Y\u0131lmaz, Assoc. Prof. Dr. Mehmet Sungur, Assoc. Prof. Dr. Adil Esen, Assoc. Prof. Dr. Emre Akku\u015f, Assoc. Prof. Dr. Ate\u015f Kad\u0131o\u011flu, Assoc. Prof. Dr. \u015eaban Doran<\/p>\n<p><strong>BOOK CHAPTER<\/strong><\/p>\n<p><strong><\/strong><br \/>\nSungur MZ, Gunduz A. (2013) Integrating Psychotherapy and Pharmacotherapy in Treatment of Sexual Disorders. In Irismar de Oliveira, Thomas L. Schwartz, Stephen M. Stahl, and Bret A. Moore (Eds) Psychopharmacology and Psychotherapy: A Handbook for Clinicians, submitted for publication, Routledge<br \/>\nSungur MZ (2013) The role of cultural factors in the course and treatment of sexual problems: Failures, pitfalls and successes in a complicated case from Turkey. In KSK Hall and CA Graham (Eds) The Cultural Context of Sexual Pleasure and Problems: Psychotherapy with diverse clients (pp. 308-332), New York and London, Routledge, Taylor and Francis Group.<br \/>\nSungur MZ (2011) Behavioral Systemic Marriage Therapy, Communication and Attachment in Marriage. In T. Solmu\u015f (Ed) Attachment, Marriage and Family Psychology (pp. 326-341) Sistem Yay\u0131nc\u0131l\u0131k, \u0130stanbul.<br \/>\nSungur MZ (2010) A memory from PAUD. In MO \u00d6zt\u00fcrk, B. Kaya (Eds) Organizational Memory of Psychiatry in T\u00fcrkiye. (pp. 17-18) Tuna Matbaac\u0131l\u0131k, Ankara.<br \/>\nSungur MZ (2010) Cognitive and Behavioral Therapies Association. In MO \u00d6zt\u00fcrk, B. Kaya (Eds) Organizational Memory of Psychiatry in T\u00fcrkiye. (pp. 276-284) Tuna Matbaac\u0131l\u0131k, Ankara.<br \/>\nTurk\u00e7apar H, Sungur MZ, Sarg\u0131n E, (2009) Cognitive Behavioral Therapies, Psychotherapy Methods: Theories and Application Guidelines, E. K\u00f6ro\u011flu, H. T\u00fcrk\u00e7apar (Eds), HYB Publishing Ankara, 77-144.<br \/>\nSungur MZ (2000) Social Phobia. Anxiety Disorders Book. R. T\u00fckel (Ed). \u00c7izgi Medical Publishing House, pp: 59-79<br \/>\nSungur MZ (2000) Sexual Identity, Sexual Functions and Disorders; A Book of Frequently Asked Questions and Answers from Young People on Reproductive Health and Sexual Health.<br \/>\nSungur MZ (1998) Cognitive-Behavioral Approaches. Basic Textbook of Psychiatry, Volume 2, C G\u00fcle\u00e7, E K\u00f6ro\u011flu (Eds), Physicians&#039; Publishing Association, pp:895-907<br \/>\nSungur MZ (1998) Sexual Dysfunction. Basic Textbook of Psychiatry, Volume 2, C G\u00fcle\u00e7, E K\u00f6ro\u011flu (Eds), Physicians&#039; Publishing Association, pp:617-637<br \/>\nSungur MZ (1999) Sexuality - Sexual Functions and Sexual Life. Introduction to Behavioral Sciences Textbook. YB Do\u011fan (Ed), Ankara, Ant\u0131p, pp: 195-200<br \/>\nSungur MZ (1999) Determinants of Change and Behavior. In Introduction to Behavioral Sciences Textbook, YB Do\u011fan (Ed), Ankara, Ant\u0131p, pp: 19-25<br \/>\nSungur MZ (1997) The Development History of Cognitive-Behavioral Therapies. Handbook of Psychotherapies, Book 4, A Tang\u00f6r (Ed), Ege Psychiatry Continuous Publications, pp: 50-66<br \/>\nSungur MZ (1996) Behavioral Therapies. Textbook of Mental Health and Diseases, I Say\u0131l (Ed), Ankara, Ant\u0131p, pp:349-360<br \/>\nSungur MZ (1996) Psychoanalytic Theory. Textbook of Mental Health and Illnesses, I Say\u0131l (Ed), Ankara, Ant\u0131p, pp: 341-347<br \/>\nSungur MZ (1996) Sexual Dysfunction. Textbook of Mental Health and Diseases, I Say\u0131l (Ed), Ankara, Ant\u0131p, pp:257-263<\/p>\n<p><strong>BOOK TRANSLATION AND TRANSLATION EDITING<\/strong><\/p>\n<p>Psychiatric Interview<\/p>\n<p>Original title: The Psychiatric Interview: A Practical Guide (Lippincott Williams &amp;Wilkins)<\/p>\n<p>Author: Daniel J. Carlat<\/p>\n<p>Prepared for Turkish edition by: Mehmet Z. Sungur, Ece C\u00f6mert<\/p>\n<p>The book, translated into Turkish and adapted to the earthquake disaster:<\/p>\n<p>Understanding Your Reactions to Trauma<\/p>\n<p>Author: Claudia Herbert<\/p>\n<p>(The book has been adapted to the earthquake disaster with the author&#039;s approval, and the original examples in the book have been replaced with earthquake examples.)<\/p>\n<p>The title of the book adapted into Turkish is: Psychological Reactions and Self-Help Methods Emerging After an Earthquake.<\/p>\n<p>Prepared for publication by: Assoc. Prof. Dr. Mehmet Sungur<\/p>\n<p>Chronic Fatigue Syndrome<\/p>\n<p>Original title: Selfhelp for Chronic Fatigue Syndrome<\/p>\n<p>Author: Trudie Chalder, Kaneez Hussain<\/p>\n<p>Prepared for Turkish publication by: Mehmet Z. Sungur, Nur Velidedeo\u011flu Kavuncu<\/p>\n<p>Understanding Psychological Responses That Occur After Trauma<\/p>\n<p>Original Title: Understanding Your Reactions to Trauma: A Guide for Survivors of Trauma and Their FAmilies Revised version<\/p>\n<p>Author: Dr. Claudia Herbert<\/p>\n<p>Prepared for Turkish publication by: Mehmet Z. Sungur,<\/p>\n<p>NOVAK GYNECOLOGY \u2013 Book Chapter Translated into Turkish: Common Psychiatric Problems<\/p>\n<p>Translated by: Assoc. Prof. Dr. Mehmet Sungur, Dr. \u00d6zlem Yaln\u0131z<\/p>\n<p>WPA Series Evidence-Based Approach and Experience in Psychiatry: Schizophrenia<br \/>\nOriginal Title: Schizophrenia, John Wiley &amp; Sons Ltd<br \/>\nEds: Mario Maj, Norman Sartorius<br \/>\nTranslators: Mehmet Z. Sungur, Kaan Kora, Volkan Top\u00e7uo\u011flu<br \/>\nSexual Compulsive Behavior: Hypersexuality<br \/>\nOriginal Name: Psychiatric Clinics of North America-Sexually Compulsive Behaviour: Hypersexuality, Elsevier<br \/>\nAuthor: Mark F Schwartz, Fred S Berlin<br \/>\nTranslation Editor: Mehmet Z Sungur<br \/>\nClinical Interview: Practical Advice from Expert Clinicians<br \/>\nOriginal name: Psychiatric Clinics of North America- Clinical Interviewing: Practical tips from Master Clinicians<br \/>\nAuthor: Shawn C. Shea<br \/>\nTranslation Editor: Mehmet Z Sungur<br \/>\nSexual Dysfunction Associated with Antidepressant and Antipsychotic Medications<br \/>\nAuthor Melek Z Sayg\u0131n<br \/>\nEditor: Mehmet Z. Sungur<\/p>\n<p><strong>INDIVIDUAL OPINIONS AND CASE PRESENTATIONS<\/strong><\/p>\n<p><strong><\/strong><br \/>\n1. Sungur MZ (1997) Conference Report: Sexual Dysfunctions and Infertility. Sexual and Marital Therapy, Vol.12, No.2, 181-182 (This report presents the conference held in \u00dcrg\u00fcp in 1996, chaired by the author and organized by the Cognitive and Behavioral Therapies Association, and includes observations on the main objectives of the conference.)<br \/>\n2. Sungur MZ (1997) Reflections on the PAUD Bulletin: Regarding the Preferences of Educators and Trainees. PAUD Bulletin, pp: 4-5 (This article, published in the Bulletin of the Association of Psychiatry Residents and Specialists, analyzes and discusses the results of a survey conducted regarding specialist training in psychiatry, and discusses the data from another article written earlier.)<br \/>\n3. Sungur MZ (1996) Treatment of a Complicated OCD Case: SSRIs in OCD Through a Case Study. V. Anatolian Psychiatry Days, June 6-8, \u0130zmir<br \/>\n4. Sungur MZ (1996) Case Presentations on Conditions Arising from Torture. Human Rights Foundation and Center for Victims of Torture (Minneapolis\/USA), March 12-13, Ankara<br \/>\n5. Sungur MZ (1994) Views of a Turkish Sultan on the Registration of Therapists and the Integration of Therapies. The European Behaviour &amp; Cognitive Therapist. (The Newsletter of the European Association of Behaviour &amp; Cognitive Therapies, Edition 11:4) This article was published in the European Behaviour &amp; Cognitive Therapies Bulletin and analyzes the decision regarding &quot;The Integration of Behavioral Therapies and Cognitive Therapies&quot; and &quot;The Necessity of Registration and Accreditation of Professionals with Therapy Training in the Association of Therapists&quot; at the time of its publication, and expresses the author&#039;s views.<\/p>","protected":false},"excerpt":{"rendered":"<p>K\u0130TAP Sungur MZ, (2012) Evlilik okulu Rehberlik Program\u0131, Be\u015fikta\u015f Belediyesi Yay\u0131n\u0131 Sungur MZ, Herbert C (2011) Travmay\u0131 ve Deprem Travmas\u0131 sonras\u0131 Ortaya \u00c7\u0131kan Psikolojik Tepkileri Anlamak, Rekmay Yay\u0131nc\u0131l\u0131k, \u0130stanbul Sungur MZ (2009) Sen, Ben ve Aram\u0131zdaki Her \u015fey, GOA Bas\u0131m Yay\u0131n ve Tan\u0131t\u0131m Hizmetleri, \u0130stanbul \u015eizofrenide Bireysel Bili\u015fsel ve Davran\u0131\u015f\u00e7\u0131 Terapi Y\u00f6ntemleri (Mehmet Sungur, Tamer [&hellip;]<\/p>\n","protected":false},"author":2,"featured_media":0,"parent":0,"menu_order":1,"comment_status":"open","ping_status":"closed","template":"","meta":{"jetpack_post_was_ever_published":false,"footnotes":""},"class_list":["post-31","page","type-page","status-publish","hentry"],"jetpack_sharing_enabled":true,"jetpack_shortlink":"https:\/\/wp.me\/PavKUa-v","jetpack-related-posts":[],"_links":{"self":[{"href":"http:\/\/mehmetsungur.com.tr\/en\/wp-json\/wp\/v2\/pages\/31","targetHints":{"allow":["GET"]}}],"collection":[{"href":"http:\/\/mehmetsungur.com.tr\/en\/wp-json\/wp\/v2\/pages"}],"about":[{"href":"http:\/\/mehmetsungur.com.tr\/en\/wp-json\/wp\/v2\/types\/page"}],"author":[{"embeddable":true,"href":"http:\/\/mehmetsungur.com.tr\/en\/wp-json\/wp\/v2\/users\/2"}],"replies":[{"embeddable":true,"href":"http:\/\/mehmetsungur.com.tr\/en\/wp-json\/wp\/v2\/comments?post=31"}],"version-history":[{"count":0,"href":"http:\/\/mehmetsungur.com.tr\/en\/wp-json\/wp\/v2\/pages\/31\/revisions"}],"wp:attachment":[{"href":"http:\/\/mehmetsungur.com.tr\/en\/wp-json\/wp\/v2\/media?parent=31"}],"curies":[{"name":"wp","href":"https:\/\/api.w.org\/{rel}","templated":true}]}}