{"id":30,"date":"2013-07-13T19:39:03","date_gmt":"2013-07-13T19:39:03","guid":{"rendered":"http:\/\/mzsungur.wordpress.com\/?page_id=25"},"modified":"2026-02-20T05:17:22","modified_gmt":"2026-02-20T05:17:22","slug":"kimdir","status":"publish","type":"page","link":"http:\/\/mehmetsungur.com.tr\/en\/","title":{"rendered":"Who is it?"},"content":{"rendered":"<p>He completed his secondary education at Tarsus American College and graduated from Hacettepe University Faculty of Medicine in 1982. In 1984, he began his residency training in the Department of Psychiatry at Ankara University Faculty of Medicine. In 1985, he won a Council of Europe scholarship and worked in England on &quot;Community Psychiatry&quot; and &quot;Different models in structuring mental health services&quot;.<\/p>\n<p>Between 1986 and 1988, as a British Council fellow, she received training in &quot;behavioral therapies,&quot; &quot;sexual dysfunction-sex therapies,&quot; &quot;marriage therapy,&quot; and &quot;anxiety disorders&quot; at the London Psychiatric Institute (Kings College).<\/p>\n<p>In 1992, he received the title of Associate Professor of Psychiatry. Following his professorship, he focused his research particularly on &quot;Cognitive and Behavioral Therapies,&quot; &quot;Sexual Dysfunction,&quot; &quot;Marriage Therapies,&quot; and &quot;Anxiety Disorders.&quot; In 1996, he served as the Founding President of the Cognitive and Behavioral Therapies Association, and in 1998, he became a founding member of the Sexual Education, Treatment, and Research Association. He currently serves as the President of the Cognitive and Behavioral Therapies Association. He has also served as the coordinator of the &quot;Family and Couple Therapies&quot; and &quot;Cognitive Behavioral Therapies Working Unit&quot; of the Turkish Psychiatric Association. He has been instrumental in promoting and establishing cognitive and behavioral therapies, which are among the most respected &quot;evidence-based therapies&quot; in the field of mental health, within Turkey, and continues to provide training on the effective use of these therapies both in Turkey and in various countries around the world.<\/p>\n<p>In 2000, he was elected president of the European Association for Behavioral and Cognitive Therapies (EABCT). Dr. Sungur is accredited as a &quot;cognitive-behavioral therapist&quot; by the British Association for Psychotherapy and the British Association for Behavioral and Cognitive Therapies. He is a founding member of the American Academy of Cognitive Therapy (Beck Academy) and a diplomat, certified trainer, and supervisor of the same academy. In 2017, he became the first non-American president of the International Association for Cognitive Therapies (IACP), headquartered in the USA. In 2018, he was elected president of the European Federation of Sexology for the next term. To date, he has chaired a total of 7 international congresses and numerous national congresses with international participation.<\/p>\n<p>In addition to his educational activities in various countries abroad, he serves as an editor, advisor, and member of the editorial board for numerous international and national scientific journals. He is also a member of the advisory board of many scientific journals in Turkey. He has published over 100 articles in scientific journals both in Turkey and abroad, as well as contributing to and editing various books and book chapters. He is the author of the widely read book, &quot;You, Me, and Everything Between Us \u2013 Love, Marriage, Infidelity: The Devil&#039;s Triangle.&quot; He has also been a speaker at hundreds of conferences both in Turkey and abroad, and has led various working groups. He provides training to mental health professionals both in Turkey and abroad on topics such as &quot;Cognitive Behavioral Therapies,&quot; &quot;Couple Therapies,&quot; &quot;Sexual Therapies,&quot; and &quot;Anxiety Disorders,&quot; in accordance with European Behavioral and Cognitive Therapies training standards. In addition to numerous national and international professional awards, he was awarded a &quot;gold medal&quot; by the European Federation of Sexology for his contributions to couple and sex therapy. He currently works as a faculty member in the Department of Psychiatry at Marmara University Faculty of Medicine.<\/p>\n<p><strong>Prof. Dr. Mehmet Sungur<\/strong><br \/>\nProfessor at \u00dcsk\u00fcdar University, Istanbul<br \/>\nPresident of the Cognitive Behavioral Therapies Association (KDTD)<br \/>\nFormer President of the European Association for Behavioral and Cognitive Therapies (EABCT)<br \/>\nFormer President of the International Association for Cognitive Therapies (IACP)<br \/>\nFounding Member, Trainer, and Diplomat of the Academy of Cognitive Behavioral Therapies (A-CBT).<br \/>\nMember of the Beck Institute (BI) International Advisory Board<br \/>\nMember of the Board of Directors of the World Confederation of Cognitive Behavioral Therapies (WCCBT)<br \/>\nFormer President of the European Federation of Sexology (EFS)<br \/>\nFormer Advisory and Executive Board Member of the World Sexual Health Association (WAS)<\/p>","protected":false},"excerpt":{"rendered":"<p>Orta \u00f6\u011frenimini Tarsus Amerikan Koleji\u2019nde tamamlam\u0131\u015f ve 1982 y\u0131l\u0131nda Hacettepe \u00dcniversitesi T\u0131p Fak\u00fcltesi\u2019nden mezun olmu\u015ftur.1984 y\u0131l\u0131nda Ankara \u00dcniversitesi T\u0131p Fak\u00fcltesi Psikiyatri Anabilim Dal\u0131\u2019nda uzmanl\u0131k \u00f6\u011frencili\u011fine ba\u015flam\u0131\u015ft\u0131r. 1985 y\u0131l\u0131nda Avrupa Konseyi bursu kazanarak \u0130ngiltere\u2019de \u201cToplum (Community) Psikiyatrisi\u201d ve \u201cRuh sa\u011fl\u0131\u011f\u0131 hizmetlerinin yap\u0131land\u0131r\u0131lmas\u0131nda de\u011fi\u015fik modeller\u201d konular\u0131nda \u00e7al\u0131\u015fm\u0131\u015ft\u0131r. 1986-88 y\u0131llar\u0131 aras\u0131nda British Council bursiyeri olarak gitti\u011fi Londra Psikiyatri [&hellip;]<\/p>\n","protected":false},"author":2,"featured_media":0,"parent":0,"menu_order":0,"comment_status":"open","ping_status":"open","template":"","meta":{"jetpack_post_was_ever_published":false,"footnotes":""},"class_list":["post-30","page","type-page","status-publish","hentry"],"jetpack_sharing_enabled":true,"jetpack_shortlink":"https:\/\/wp.me\/PavKUa-u","jetpack-related-posts":[],"_links":{"self":[{"href":"http:\/\/mehmetsungur.com.tr\/en\/wp-json\/wp\/v2\/pages\/30","targetHints":{"allow":["GET"]}}],"collection":[{"href":"http:\/\/mehmetsungur.com.tr\/en\/wp-json\/wp\/v2\/pages"}],"about":[{"href":"http:\/\/mehmetsungur.com.tr\/en\/wp-json\/wp\/v2\/types\/page"}],"author":[{"embeddable":true,"href":"http:\/\/mehmetsungur.com.tr\/en\/wp-json\/wp\/v2\/users\/2"}],"replies":[{"embeddable":true,"href":"http:\/\/mehmetsungur.com.tr\/en\/wp-json\/wp\/v2\/comments?post=30"}],"version-history":[{"count":1,"href":"http:\/\/mehmetsungur.com.tr\/en\/wp-json\/wp\/v2\/pages\/30\/revisions"}],"predecessor-version":[{"id":291,"href":"http:\/\/mehmetsungur.com.tr\/en\/wp-json\/wp\/v2\/pages\/30\/revisions\/291"}],"wp:attachment":[{"href":"http:\/\/mehmetsungur.com.tr\/en\/wp-json\/wp\/v2\/media?parent=30"}],"curies":[{"name":"wp","href":"https:\/\/api.w.org\/{rel}","templated":true}]}}